{"id":77,"date":"2015-11-04T11:22:20","date_gmt":"2015-11-04T10:22:20","guid":{"rendered":"http:\/\/www.tkms.ch\/?page_id=77"},"modified":"2015-11-10T14:48:27","modified_gmt":"2015-11-10T13:48:27","slug":"links","status":"publish","type":"page","link":"https:\/\/www.tkms.ch\/index.php\/links\/","title":{"rendered":"Links"},"content":{"rendered":"<p><strong>Standesorganisationen<\/strong><\/p>\n<ul>\n<li><a href=\"http:\/\/bildungthurgau.ch\/\" target=\"_blank\">Bildung Thurgau<\/a> (Berufsorganisation der Lehrpersonen des Kantons Thurgau)<\/li>\n<li><a href=\"http:\/\/www.lch.ch\/\" target=\"_blank\">LCH<\/a> (Dachverband Lehrerinnen und Lehrer Schweiz)<\/li>\n<li><a href=\"http:\/\/vsg-sspes.ch\/\" target=\"_blank\">VSG<\/a> (Verein Schweizerischer Gymnasiallehrerinnen und Gymnasiallehrer)<\/li>\n<\/ul>\n<p><strong>Mittelschulen im Thurgau<\/strong><\/p>\n<ul>\n<li><a href=\"http:\/\/www.kanti-frauenfeld.ch\/\" target=\"_blank\">KSF<\/a> (Kantonsschule Frauenfeld)<\/li>\n<li><a href=\"http:\/\/ksk.ch\/\" target=\"_blank\">KSK<\/a> (Kantonsschule Kreuzlingen)<\/li>\n<li><a href=\"https:\/\/www.ksr.ch\/\" target=\"_blank\">KSR<\/a> (Kantonsschule Romanshorn)<\/li>\n<li><a href=\"http:\/\/pmstg.ch\" target=\"_blank\">PMS<\/a> (P\u00e4dagogische Maturit\u00e4tsschule Kreuzlingen)<\/li>\n<li><a href=\"http:\/\/www.tsme.ch\/\" target=\"_blank\">TSME<\/a> (Thurgauisch-Schaffhauserische Maturit\u00e4tsschule f\u00fcr Erwachsene, Frauenfeld)<\/li>\n<\/ul>\n<p><strong>Varia<\/strong><\/p>\n<ul>\n<li><a href=\"http:\/\/amh.tg.ch\/\" target=\"_blank\">AMH<\/a>\u00a0 (Amt f\u00fcr Mittel- und Hochschulen)<\/li>\n<li><a href=\"http:\/\/www.phtg.ch\" target=\"_blank\">PHTG<\/a> (P\u00e4dagogische Hochschule Kreuzlingen)<\/li>\n<\/ul>\n","protected":false},"excerpt":{"rendered":"<p>Standesorganisationen Bildung Thurgau (Berufsorganisation der Lehrpersonen des Kantons Thurgau) LCH (Dachverband Lehrerinnen und Lehrer Schweiz) VSG (Verein Schweizerischer Gymnasiallehrerinnen und Gymnasiallehrer) Mittelschulen im Thurgau KSF (Kantonsschule Frauenfeld) KSK (Kantonsschule Kreuzlingen) KSR (Kantonsschule Romanshorn) PMS (P\u00e4dagogische Maturit\u00e4tsschule Kreuzlingen) TSME (Thurgauisch-Schaffhauserische Maturit\u00e4tsschule f\u00fcr Erwachsene, Frauenfeld) Varia AMH\u00a0 (Amt f\u00fcr Mittel- und Hochschulen) PHTG (P\u00e4dagogische Hochschule Kreuzlingen)<\/p>\n","protected":false},"author":11,"featured_media":0,"parent":0,"menu_order":0,"comment_status":"closed","ping_status":"closed","template":"","meta":{"footnotes":""},"class_list":["post-77","page","type-page","status-publish","hentry"],"_links":{"self":[{"href":"https:\/\/www.tkms.ch\/index.php\/wp-json\/wp\/v2\/pages\/77","targetHints":{"allow":["GET"]}}],"collection":[{"href":"https:\/\/www.tkms.ch\/index.php\/wp-json\/wp\/v2\/pages"}],"about":[{"href":"https:\/\/www.tkms.ch\/index.php\/wp-json\/wp\/v2\/types\/page"}],"author":[{"embeddable":true,"href":"https:\/\/www.tkms.ch\/index.php\/wp-json\/wp\/v2\/users\/11"}],"replies":[{"embeddable":true,"href":"https:\/\/www.tkms.ch\/index.php\/wp-json\/wp\/v2\/comments?post=77"}],"version-history":[{"count":4,"href":"https:\/\/www.tkms.ch\/index.php\/wp-json\/wp\/v2\/pages\/77\/revisions"}],"predecessor-version":[{"id":92,"href":"https:\/\/www.tkms.ch\/index.php\/wp-json\/wp\/v2\/pages\/77\/revisions\/92"}],"wp:attachment":[{"href":"https:\/\/www.tkms.ch\/index.php\/wp-json\/wp\/v2\/media?parent=77"}],"curies":[{"name":"wp","href":"https:\/\/api.w.org\/{rel}","templated":true}]}}